{"id":635,"date":"2023-01-17T23:39:07","date_gmt":"2023-01-17T22:39:07","guid":{"rendered":"https:\/\/adamar-trio.de\/?page_id=635"},"modified":"2025-04-17T09:28:36","modified_gmt":"2025-04-17T07:28:36","slug":"repertoireliste","status":"publish","type":"page","link":"https:\/\/adamar-trio.de\/?page_id=635","title":{"rendered":"Repertoireliste"},"content":{"rendered":"<h4>Hier finden Sie die von uns bisher gespielten Werke:<\/h4>\n<ul>\n<li style=\"list-style-type: none;\">\n<ul>\n<li>Werke f\u00fcr Klaviertrio\n<ul>\n<li>Ludwig van Beethoven: Klaviertrio B-Dur, op. 11 (Gassenhauer-Trio)<\/li>\n<li>Ludwig van Beethoven: Klaviertrio D-Dur, op. 70\/1 (Geister-Trio)<\/li>\n<li>Ludwig van Beethoven: Klaviertrio B-Dur, op. 97 (Erzherzog-Trio)<\/li>\n<li>Ludwig van Beethoven: Tripelkonzert C-Dur, op. 56<\/li>\n<li>Lili Boulanger: D&#8217;un soir triste und D&#8217;un matin de printemps<\/li>\n<li>Johannes Brahms: Klaviertrio H-Dur, op. 8<\/li>\n<li>Claude Debussy: Klaviertrio G-Dur<\/li>\n<li>Anton\u00edn Dvo\u0159\u00e1k: Klaviertrio B-Dur, op. 21<\/li>\n<li>Anton\u00edn Dvo\u0159\u00e1k: Klaviertrio e-moll, op. 90 (Dumky-Trio)<\/li>\n<li>Joseph Haydn: Klaviertrio Es-Dur, Hob. XV:10<\/li>\n<li>E.T.A. Hoffmann: Klaviertrio E-Dur<\/li>\n<li>Johann Nepomuk Hummel: Klaviertrio F-Dur, op. 22<\/li>\n<li>\u00c9douard Lalo: Klaviertrio Nr. 2 h-moll<\/li>\n<li>Franz Liszt: Tristia (La vall\u00e9e d&#8217;Obermann)<\/li>\n<li>Helena Munktell: Kleines Trio<\/li>\n<li>Gerhard Pr\u00e4sent: 3. Klaviertrio (Vier melodische St\u00fccke)<\/li>\n<li>Dimitri Schostakowitsch: Klaviertrio c-moll, op. 8<\/li>\n<li>Dimitri Schostakowitsch: Klaviertrio e-moll, op. 67<\/li>\n<li>Franz Schubert: Klaviertrio B-Dur, op. 99<\/li>\n<li>Franz Schubert: Klaviertrio Es-Dur, op. 100<\/li>\n<li>Clara Schumann: Klaviertrio g-moll, op. 17<\/li>\n<li>Bed\u0159ich Smetana: Klaviertrio g-moll, op. 15<\/li>\n<li>Joaqu\u00edn Turina: Klaviertrio op. 35<\/li>\n<li>Joaqu\u00edn Turina: Zweites Klaviertrio h-moll, op. 76<\/li>\n<\/ul>\n<\/li>\n<li>Werke f\u00fcr Klaviertrio und Sopran\n<ul>\n<li>Joseph Haydn: Sechs schottische und walisische Volkslieder.<\/li>\n<li>Gustav Mahler\/Gerhard Pr\u00e4sent: Drei R\u00fcckert-Lieder<\/li>\n<li>Oliver Wehlmann: Zwei Lieder nach Texten von Hedwig Maria Meyer<\/li>\n<\/ul>\n<\/li>\n<li>Werke f\u00fcr Klavier und Streicher\n<ul>\n<li>Franz Vinzenz Krommer: Trio F-Dur f\u00fcr Klavier, Viola und Violoncello op. 32<\/li>\n<li>Franz Schubert: Klavierquintett A-Dur, Op. post. 114 (Forellen-Quintett)<\/li>\n<\/ul>\n<\/li>\n<li>Duos f\u00fcr Violine und Violoncello\n<ul>\n<li>Johann Sebastian Bach: Zwei Duette f\u00fcr Violine und Violoncello<\/li>\n<li>Reinhold Gli\u00e8re: 7 Duette f\u00fcr Violine und Violoncello<\/li>\n<li>Bohuslaw Martin\u016f: Duo Nr. 2 f\u00fcr Violine und Violoncello<\/li>\n<\/ul>\n<\/li>\n<li>Duos f\u00fcr Viola und Violoncello\n<ul>\n<li>Ludwig van Beethoven: Duettsatz &#8222;mit zwei obligaten Augengl\u00e4sern&#8220; f\u00fcr Viola und Violoncello<\/li>\n<li>Witold Lutos\u0142awski: F\u00fcnf Bukoliki f\u00fcr Viola und Violoncello<\/li>\n<li>Wolfgang Amadeus Mozart: 6 Duos f\u00fcr Viola und Violoncello (nach KV 487\/496a)<\/li>\n<\/ul>\n<\/li>\n<li>Trios f\u00fcr Violine, Violoncello und Kontrabass\n<ul>\n<li>Michael Haydn: Divertimento f\u00fcr Violine, Violoncello und Kontrabass<\/li>\n<li>Leopold Mozart: Frosch-Parthia f\u00fcr Violine, Violoncello und Kontrabass<\/li>\n<\/ul>\n<\/li>\n<\/ul>\n<\/li>\n<\/ul>\n","protected":false},"excerpt":{"rendered":"<p>Hier finden Sie die von uns bisher gespielten Werke: Werke f\u00fcr Klaviertrio Ludwig van Beethoven: Klaviertrio B-Dur, op. 11 (Gassenhauer-Trio) Ludwig van Beethoven: Klaviertrio D-Dur, op. 70\/1 (Geister-Trio) Ludwig van Beethoven: Klaviertrio B-Dur, op. 97 (Erzherzog-Trio) Ludwig van Beethoven: Tripelkonzert C-Dur, op. 56 Lili Boulanger: D&#8217;un soir triste und D&#8217;un matin de printemps Johannes Brahms:&hellip;<a href=\"https:\/\/adamar-trio.de\/?page_id=635\" class=\"button\">Weiterlesen <span class=\"screen-reader-text\">Repertoireliste<\/span><\/a><\/p>\n","protected":false},"author":1,"featured_media":0,"parent":185,"menu_order":22,"comment_status":"closed","ping_status":"closed","template":"templates\/fullwidth-page.php","meta":{"footnotes":""},"class_list":["post-635","page","type-page","status-publish","hentry"],"_links":{"self":[{"href":"https:\/\/adamar-trio.de\/index.php?rest_route=\/wp\/v2\/pages\/635","targetHints":{"allow":["GET"]}}],"collection":[{"href":"https:\/\/adamar-trio.de\/index.php?rest_route=\/wp\/v2\/pages"}],"about":[{"href":"https:\/\/adamar-trio.de\/index.php?rest_route=\/wp\/v2\/types\/page"}],"author":[{"embeddable":true,"href":"https:\/\/adamar-trio.de\/index.php?rest_route=\/wp\/v2\/users\/1"}],"replies":[{"embeddable":true,"href":"https:\/\/adamar-trio.de\/index.php?rest_route=%2Fwp%2Fv2%2Fcomments&post=635"}],"version-history":[{"count":6,"href":"https:\/\/adamar-trio.de\/index.php?rest_route=\/wp\/v2\/pages\/635\/revisions"}],"predecessor-version":[{"id":695,"href":"https:\/\/adamar-trio.de\/index.php?rest_route=\/wp\/v2\/pages\/635\/revisions\/695"}],"up":[{"embeddable":true,"href":"https:\/\/adamar-trio.de\/index.php?rest_route=\/wp\/v2\/pages\/185"}],"wp:attachment":[{"href":"https:\/\/adamar-trio.de\/index.php?rest_route=%2Fwp%2Fv2%2Fmedia&parent=635"}],"curies":[{"name":"wp","href":"https:\/\/api.w.org\/{rel}","templated":true}]}}