{"id":318,"date":"2019-03-11T12:28:31","date_gmt":"2019-03-11T11:28:31","guid":{"rendered":"http:\/\/adamar-trio.de\/?page_id=318"},"modified":"2019-05-06T09:05:32","modified_gmt":"2019-05-06T07:05:32","slug":"datenschutz","status":"publish","type":"page","link":"https:\/\/adamar-trio.de\/?page_id=318","title":{"rendered":"Datenschutz"},"content":{"rendered":"<h4>Datenschutzerkl\u00e4rung, Haftungsausschluss<\/h4>\n<ol>\n<li>Einleitung:<br \/>\nWir freuen uns \u00fcber Ihr Interesse an unserer Seite. Der Datenschutz hat f\u00fcr uns einen besonders hohen Stellenwert. Die Nutzung unserer Internetseite ist grunds\u00e4tzlich ohne Angabe personenbezogener Daten m\u00f6glich. Unsere Seite bietet keine Dienste wie z.B. Newsletter oder E-mail an, f\u00fcr die eine Verarbeitung personenbezogener Daten erforderlich ist.<\/li>\n<li>Kontaktaufnahme \u00fcber die Internetseite:<br \/>\nEine Kontaktaufnahme \u00fcber unsere Internetseite ist nicht m\u00f6glich. Die Kontaktaufnahme erfolgt nur \u00fcber die Kontaktdaten, die im Impressum hinterlegt sind.<\/li>\n<li>Speicherung von Zugriffsdaten in Server-Logfiles:<br \/>\nBesucher k\u00f6nnen unsere Webseiten benutzen, ohne Angaben zu Ihrer Person zu machen. F\u00fcr das Webhosting werden Protokolldaten der Zugriffe gespeicher (Auftragsdatenverarbeitung). Dabei werden zu Sicherheitszwecken (u.a. Erkennung von DDoS-Angriffen, Zugangskontrolle, Erkennung von Brute-Force-Attacken) gem\u00e4\u00df <a href=\"https:\/\/dsgvo-gesetz.de\/art-6-dsgvo\/\">Art. 6 Abs. 1 lit. f DSGVO<\/a> i.V.m. <a href=\"https:\/\/dsgvo-gesetz.de\/art-28-dsgvo\/\">Art. 28 DSGVO<\/a> folgende Daten erhoben, die personenbezogen sind oder sein k\u00f6nnten:<\/p>\n<ul>\n<li>IP-Adresse<\/li>\n<li>Eindeutige ID des Zugriffs<\/li>\n<\/ul>\n<p>Folgende Felder werden gespeichert, sind aber in aller Regel <em>nicht<\/em> personenbezogen im Sinne der EU-DSGVO:<\/p>\n<ul>\n<li>User-Agent-Header<\/li>\n<\/ul>\n<p>Die Protokolldaten werden derzeit 7 Tage aufbewahrt. Eine Anonymisierung oder Pseudonymisierung findet in diesem Zeitraum statt, sofern es mit dem Zweck der Datenspeicherung zu vereinbaren ist.<br \/>\nDie im Rahmen der Bot-Sperre gesetzten Cookiies sind nicht personenbezogen und haben daher keine Bedeutung im Rahmen der DSGVO.<\/li>\n<li>Verantwortliche f\u00fcr die Datenverarbeitung:<br \/>\nVerantwortliche im Sinne der DSGVO, sonstiger in den Mitgliedstaaten der EU geltenden Datenschutzgesetze und anderer Bestimmungen mit datenschutzrechtlichem Charakter ist<br \/>\nHedwig Pohl<br \/>\nElisabeth-Selbert-Weg 7<br \/>\nD-93055 Regensburg<br \/>\nTel.: +49 941 73403<br \/>\n<a href=\"mailto:hedwigs-theme@gmx.de\">email: hedwigs-theme@gmx.de<\/a><br \/>\nDie Speicherung und Verarbeitung der oben genannten Daten erfolgt \u00fcber den Webhosting-Anbieter lima-city<br \/>\nTrafficPlex GmbH<br \/>\nKonsul-Smidt-Str. 90<br \/>\nD-28147 Bremen<\/li>\n<li>Betroffenenrechte: Sie haben das Recht,\n<ul>\n<li>gem\u00e4\u00df Art. 15 DSGVO Auskunft \u00fcber Ihre von uns verarbeiteten personenbezogenen Daten zu verlangen. Insbesondere k\u00f6nnen Sie Auskunft \u00fcber die Verarbeitungszwecke, die Kategorie der personenbezogenen Daten, die Kategorien von Empf\u00e4ngern, gegen\u00fcber denen Ihre Daten offengelegt wurden oder werden, die geplante Speicherdauer, das Bestehen eines Rechts auf Berichtigung, L\u00f6schung, Einschr\u00e4nkung der Verarbeitung oder Widerspruch, das Bestehen eines Beschwerderechts, die Herkunft ihrer Daten, sofern diese nicht bei uns erhoben wurden, sowie \u00fcber das Bestehen einer automatisierten Entscheidungsfindung einschlie\u00dflich Profiling und ggf. aussagekr\u00e4ftigen Informationen zu deren Einzelheiten verlangen;<\/li>\n<li>gem\u00e4\u00df Art. 16 DSGVO unverz\u00fcglich die Berichtigung unrichtiger oder Vervollst\u00e4ndigung Ihrer bei uns gespeicherten personenbezogenen Daten zu verlangen;<\/li>\n<li>gem\u00e4\u00df Art. 17 DSGVO die L\u00f6schung Ihrer bei uns gespeicherten personenbezogenen Daten zu verlangen, soweit nicht die Verarbeitung zur Aus\u00fcbung des Rechts auf freie Meinungs\u00e4u\u00dferung und Information, zur Erf\u00fcllung einer rechtlichen Verpflichtung, aus Gr\u00fcnden des \u00f6ffentlichen Interesses oder zur Geltendmachung, Aus\u00fcbung oder Verteidigung von Rechtsanspr\u00fcchen erforderlich ist;<\/li>\n<li>gem\u00e4\u00df Art. 18 DSGVO die Einschr\u00e4nkung der Verarbeitung Ihrer personenbezogenen Daten zu verlangen, soweit die Richtigkeit der Daten von Ihnen bestritten wird, die Verarbeitung unrechtm\u00e4\u00dfig ist, Sie aber deren L\u00f6schung ablehnen und wir die Daten nicht mehr ben\u00f6tigen, Sie jedoch diese zur Geltendmachung, Aus\u00fcbung oder Verteidigung von Rechtsanspr\u00fcchen ben\u00f6tigen oder Sie gem\u00e4\u00df Art. 21 DSGVO Widerspruch gegen die Verarbeitung eingelegt haben;<\/li>\n<li>gem\u00e4\u00df Art. 20 DSGVO Ihre personenbezogenen Daten, die Sie uns bereitgestellt haben, in einem strukturierten, g\u00e4ngigen und maschinenlesebaren Format zu erhalten oder die \u00dcbermittlung an einen anderen Verantwortlichen zu verlangen;<\/li>\n<li>gem\u00e4\u00df Art. 7 Abs. 3 DSGVO Ihre einmal erteilte Einwilligung jederzeit gegen\u00fcber uns zu widerrufen. Dies hat zur Folge, dass wir die Datenverarbeitung, die auf dieser Einwilligung beruhte, f\u00fcr die Zukunft nicht mehr fortf\u00fchren d\u00fcrfen und<\/li>\n<li>gem\u00e4\u00df Art. 77 DSGVO sich bei einer Aufsichtsbeh\u00f6rde zu beschweren. In der Regel k\u00f6nnen Sie sich hierf\u00fcr an die Aufsichtsbeh\u00f6rde Ihres \u00fcblichen Aufenthaltsortes oder Arbeitsplatzes oder unseres Wohnsitzes wenden.<\/li>\n<\/ul>\n<\/li>\n<li>Widerspruchsrecht:<br \/>\nSofern Ihre personenbezogenen Daten auf Grundlage von berechtigten Interessen gem\u00e4\u00df Art. 6 Abs. 1 S. 1 lit. f DSGVO verarbeitet werden, haben Sie das Recht, gem\u00e4\u00df Art. 21 DSGVO Widerspruch gegen die Verarbeitung Ihrer personenbezogenen Daten einzulegen, soweit daf\u00fcr Gr\u00fcnde vorliegen, die sich aus Ihrer besonderen Situation ergeben oder sich der Widerspruch gegen Direktwerbung richtet. Im letzteren Fall haben Sie ein generelles Widerspruchsrecht, das ohne Angabe einer besonderen Situation von uns umgesetzt wird.M\u00f6chten Sie von Ihrem Widerrufs- oder Widerspruchsrecht Gebrauch machen, gen\u00fcgt eine E-Mail an hedwigs-theme@gmx.de<\/li>\n<li>Haftungsausschluss f\u00fcr Links:<br \/>\nMit Urteil vom 12. Mai 1998 &#8211; 312 O 85\/98 &#8211; &#8222;Haftung f\u00fcr Links&#8220; hat das Landgericht Hamburg entschieden, dass man durch die Ausbringung eines Links die Inhalte der gelinkten Seite ggfs. mitzuverantworten hat. Dies kann &#8211; so das LG &#8211; nur dadurch verhindert werden, dass man sich ausdr\u00fccklich von diesen Inhalten distanziert. In dieser Website sind Links zu anderen Seiten im Internet gelegt. Wir betonen ausdr\u00fccklich, dass wir keinerlei Einfluss auf die Gestaltung und die Inhalte der gelinkten Seiten haben. Deshalb distanzieren wir uns hiermit ausdr\u00fccklich von allen Inhalten der gelinkten Seiten dieser Website. Diese Erkl\u00e4rung gilt f\u00fcr alle auf unseren Seiten angebrachten Links und f\u00fcr die Inhalte aller Seiten, zu denen die angebrachten Links f\u00fchren.<\/li>\n<\/ol>\n","protected":false},"excerpt":{"rendered":"<p>Datenschutzerkl\u00e4rung, Haftungsausschluss Einleitung: Wir freuen uns \u00fcber Ihr Interesse an unserer Seite. Der Datenschutz hat f\u00fcr uns einen besonders hohen Stellenwert. Die Nutzung unserer Internetseite ist grunds\u00e4tzlich ohne Angabe personenbezogener Daten m\u00f6glich. Unsere Seite bietet keine Dienste wie z.B. Newsletter oder E-mail an, f\u00fcr die eine Verarbeitung personenbezogener Daten erforderlich ist. Kontaktaufnahme \u00fcber die Internetseite:&hellip;<a href=\"https:\/\/adamar-trio.de\/?page_id=318\" class=\"button\">Weiterlesen <span class=\"screen-reader-text\">Datenschutz<\/span><\/a><\/p>\n","protected":false},"author":1,"featured_media":0,"parent":0,"menu_order":61,"comment_status":"closed","ping_status":"closed","template":"templates\/fullwidth-page.php","meta":{"footnotes":""},"class_list":["post-318","page","type-page","status-publish","hentry"],"_links":{"self":[{"href":"https:\/\/adamar-trio.de\/index.php?rest_route=\/wp\/v2\/pages\/318","targetHints":{"allow":["GET"]}}],"collection":[{"href":"https:\/\/adamar-trio.de\/index.php?rest_route=\/wp\/v2\/pages"}],"about":[{"href":"https:\/\/adamar-trio.de\/index.php?rest_route=\/wp\/v2\/types\/page"}],"author":[{"embeddable":true,"href":"https:\/\/adamar-trio.de\/index.php?rest_route=\/wp\/v2\/users\/1"}],"replies":[{"embeddable":true,"href":"https:\/\/adamar-trio.de\/index.php?rest_route=%2Fwp%2Fv2%2Fcomments&post=318"}],"version-history":[{"count":18,"href":"https:\/\/adamar-trio.de\/index.php?rest_route=\/wp\/v2\/pages\/318\/revisions"}],"predecessor-version":[{"id":459,"href":"https:\/\/adamar-trio.de\/index.php?rest_route=\/wp\/v2\/pages\/318\/revisions\/459"}],"wp:attachment":[{"href":"https:\/\/adamar-trio.de\/index.php?rest_route=%2Fwp%2Fv2%2Fmedia&parent=318"}],"curies":[{"name":"wp","href":"https:\/\/api.w.org\/{rel}","templated":true}]}}