{"id":291,"date":"2019-03-10T17:41:11","date_gmt":"2019-03-10T16:41:11","guid":{"rendered":"http:\/\/adamar-trio.de\/?page_id=291"},"modified":"2025-07-21T15:42:52","modified_gmt":"2025-07-21T13:42:52","slug":"archiv","status":"publish","type":"page","link":"https:\/\/adamar-trio.de\/?page_id=291","title":{"rendered":"Archiv"},"content":{"rendered":"<p>Hier finden Sie unsere bisherigen Konzertprojekte:<\/p>\n<p>&nbsp;<\/p>\n<ul>\n<li>Ein Konzert im Fr\u00fchjahr\/Sommer 2025 in Regensburg-Burgeweinting, in Eching bei M\u00fcnchen, f\u00fcr das Projekt Start Somewhere in M\u00fcnchen, f\u00fcr das Hilfswerk Adventslicht in Weiden und im Artonicon in Schierling-Unterlaichling.\n<ul>\n<li>Dmitri Schostakowitsch: Klaviertrio Nr. 2 e-moll<\/li>\n<li>Franz Schubert: ZKlaviertrio Nr. 2 Es-Dur<\/li>\n<\/ul>\n<\/li>\n<\/ul>\n<p>&nbsp;<\/p>\n<ul>\n<li>Ein Konzert im Fr\u00fchjahr\/Sommer 2024 bei den Klavierbauern Butz &#038; Ullrich, in Eching bei M\u00fcnchen, f\u00fcr das Hilfswerk Adventslicht in Weiden und f\u00fcr das Blindeninstitut in Regensburg.\n<ul>\n<li>Claude Debussy: Klaviertrio G-Dur<\/li>\n<li>Lili Boulanger: Zwei St\u00fccke f\u00fcr Klaviertrio<\/li>\n<li>\u00c9douard Lalo: Klaviertrio Nr. 2 h-moll<\/li>\n<\/ul>\n<\/li>\n<\/ul>\n<p>&nbsp;<\/p>\n<ul>\n<li>Ein Konzert im Juli 2022 im Artonicon in Schierling-Unterlaichling zum 200. Todestag von E.T.A. Hoffmann, im Januar 2023 in Eching bei M\u00fcnchen\n<ul>\n<li>Helena Munktell: Kleines Trio<\/li>\n<li>Joacqu\u00edn Turina: Klaviertrio Nr. 1, op. 35<\/li>\n<li>E.T.A. Hoffmann: Klaviertrio E-Dur<\/li>\n<\/ul>\n<\/li>\n<\/ul>\n<p>&nbsp;<\/p>\n<ul>\n<li>Ein Benefizkonzert &#8222;Sommerlichter&#8220; f\u00fcr das Hilfswerk Adventslicht in Weiden im Mai 2022.\n<ul>\n<li>Johann Nepomuk Hummel: Klaviertrio in F-Dur op. 22<\/li>\n<li>Dmitri Schostakowitsch: Klaviertrio Nr. 1 in c-moll op. 8<\/li>\n<li>Ludwig van Beethoven: Klaviertrio Nr. 7 in B-Dur op. 97 (Erzherzog-Trio)<\/li>\n<\/ul>\n<\/li>\n<\/ul>\n<p>&nbsp;<\/p>\n<ul>\n<li>Konzert in der Mennonitenkirche Regensburg-Burgweinting im Oktober 2021\n<ul>\n<li>Ludwig van Beethoven: Klaviertrio in D-Dur, op. 70 Nr. 1 (Geister-Trio)<\/li>\n<li>Clara Schumann: Klaviertrio g-moll, op. 17<\/li>\n<\/ul>\n<\/li>\n<\/ul>\n<p>&nbsp;<\/p>\n<ul>\n<li>Benefizkonzert in Eching bei M\u00fcnchen im Juli 2021:\n<ul>\n<li>Ludwig van Beethoven: Klaviertrio op. 97 in B-Dur, &#8222;Erzherzog-Trio&#8220;<\/li>\n<\/ul>\n<\/li>\n<\/ul>\n<p>&nbsp;<\/p>\n<ul>\n<li>Benefizkonzert in Eching bei M\u00fcnchen im Juni 2020:\n<ul>\n<li>Jonann Nepomuk Hummel: Klaviertrio in F-Dur op. 22<\/li>\n<li>Dmitri Schostakowitsch: Klaviertrio Nr. 1 in c-moll op. 8<\/li>\n<li>Ludwig van Beethoven: Klaviertrio op. 11 in B-Dur, &#8222;Gassenhauer-Trio&#8220;<\/li>\n<\/ul>\n<\/li>\n<\/ul>\n<p>&nbsp;<\/p>\n<ul>\n<li>Konzert in Lohr am Main im Oktober 2019:\n<ul>\n<li>Franz Vinzenz Krommer: Trio F-Dur f\u00fcr Klavier, Viola und Violoncello op. 32<\/li>\n<li>Joaqu\u00edn Turina: Zweites Klaviertrio h-moll op. 76<\/li>\n<li>Anton\u00edn Dvo\u0159\u00e1k: Klaviertrio B-Dur op. 21<\/li>\n<\/ul>\n<\/li>\n<\/ul>\n<p>&nbsp;<\/p>\n<ul>\n<li>Duokonzert &#8222;Gegenpohle&#8220; im Juni 2018 in Lohr am Main und im Mai 2019 als Benefiz-Konzert zu Gunsten des Bunten Kreises KUNO Familiennachsorge in Regensburg.\n<ul>\n<li>Wolfgang Amadeus Mozart: 6 Duos f\u00fcr Viola und Violoncello (nach KV 487\/496a)<\/li>\n<li>Witold Lutos\u0142awski: F\u00fcnf Bukoliki f\u00fcr Viola und Violoncello<\/li>\n<li>Ludwig van Beethoven: Duettsatz &#8222;mit zwei obligaten Augengl\u00e4sern&#8220; f\u00fcr Viola und Violoncello<\/li>\n<li>Johann Sebastian Bach: Zwei Duette f\u00fcr Violine und Violoncello<\/li>\n<li>Bohuslaw Martin\u016f: Duo Nr. 2 f\u00fcr Violine und Violoncello<\/li>\n<li>Reinhold Gli\u00e8re: 7 Duette f\u00fcr Violine und Violoncello<\/li>\n<\/ul>\n<\/li>\n<\/ul>\n<p>&nbsp;<\/p>\n<ul>\n<li>Konzert mit dem Orchester Sinfonia da capo im Oktober 2017:\n<ul>\n<li>Ludwig van Beethoven: Tripelkonzert C-Dur op. 56<\/li>\n<\/ul>\n<\/li>\n<\/ul>\n<p>&nbsp;<\/p>\n<ul>\n<li>Benefizkonzerte f\u00fcr den Verein <a href=\"https:\/\/www.agus-selbsthilfe.de\/startseite\/\" target=\"_blank\" rel=\"noopener\">AGUS e.V.\u00a0<\/a>im Fr\u00fchjahr 2017 in Lohr am Main und in Regensburg.\n<ul>\n<li>Franz Liszt: Tristia (La vall\u00e9e d&#8217;Obermann)<\/li>\n<li>Dmitri Schostakowitsch: Klaviertrio Nr. 1 c-moll op. 8<\/li>\n<li>Bed\u0159ich Smetana: Klaviertrio g-moll op. 15<\/li>\n<\/ul>\n<\/li>\n<\/ul>\n<p>&nbsp;<\/p>\n<ul>\n<li>Sommer 2016, Konzerte in Lohr am Main und in M\u00fcnchen\n<ul>\n<li>Gerhard Pr\u00e4sent: 3. Klaviertrio (Vier melodische St\u00fccke)<\/li>\n<li>Joaqu\u00edn Turina: Klaviertrio op. 35<\/li>\n<li>Ludwig van Beethoven: Klaviertrio op. 70\/1 (Geistertrio)<\/li>\n<\/ul>\n<\/li>\n<\/ul>\n<p>&nbsp;<\/p>\n<ul>\n<li>Sommer 2015, Konzerte in Lohr am Main und in Regensburg mit Gero Rumpp (Viola)<br \/>\nund Ingo Nawra (Kontrabass).<\/p>\n<ul>\n<li>Michael Haydn: Divertimento f\u00fcr Violine, Violoncello und Kontrabass<\/li>\n<li>Leopold Mozart: Frosch-Parthia f\u00fcr Violine, Violoncello und Kontrabass<\/li>\n<li>Franz Schubert: Klavierquintett A-Dur, Op. post. 114 (Forellen-Quintett)<\/li>\n<\/ul>\n<\/li>\n<\/ul>\n<p>&nbsp;<\/p>\n<ul>\n<li>Fr\u00fchjahr 2015, Konzerte in Lohr am Main und in Regensburg mit der Sopranistin<br \/>\n<a href=\"http:\/\/www.barbara-sauter.de\/\" target=\"_blank\" rel=\"noopener\">Barbara Sauter<\/a>.<\/p>\n<ul>\n<li>Joseph Haydn: Sechs schottische und walisische Volkslieder.<\/li>\n<li>Gustav Mahler\/Gerhard Pr\u00e4sent: Drei R\u00fcckert-Lieder<\/li>\n<li>Oliver Wehlmann: Zwei Lieder nach Texten von Hedwig Maria Meyer<\/li>\n<li>Franz Schubert: Klaviertrio B-Dur, op.99<\/li>\n<\/ul>\n<\/li>\n<\/ul>\n<p>&nbsp;<\/p>\n<ul>\n<li>Fr\u00fchjahr 2014, Konzerte in Lohr am Main und in Regensburg\n<ul>\n<li>Maurice Ravel: Jeux d&#8217;eau f\u00fcr Klavier<\/li>\n<li>Vytautas Barkauskas: Partita op. 12 f\u00fcr Violine<\/li>\n<li>Ludwig van Beethoven: Sonate f\u00fcr Klavier und Violoncello D-Dur, op. 102 Nr. 2<\/li>\n<li>Anton\u00edn Dvo\u0159\u00e1k: Klaviertrio e-moll, op. 90 (Dumky-Trio)<\/li>\n<\/ul>\n<\/li>\n<\/ul>\n<p>&nbsp;<\/p>\n<ul>\n<li>Sommer 2013, Konzerte in Lohr am Main und in Regensburg\n<ul>\n<li>Joseph Haydn: Klaviertrio Es-Dur, Hob. XV:10<\/li>\n<li>Claude Debussy: Klaviertrio G-Dur<\/li>\n<li>Johannes Brahms: Klaviertrio Nr. 1 H-Dur, op. 8<\/li>\n<\/ul>\n<\/li>\n<\/ul>\n","protected":false},"excerpt":{"rendered":"<p>Hier finden Sie unsere bisherigen Konzertprojekte: &nbsp; Ein Konzert im Fr\u00fchjahr\/Sommer 2025 in Regensburg-Burgeweinting, in Eching bei M\u00fcnchen, f\u00fcr das Projekt Start Somewhere in M\u00fcnchen, f\u00fcr das Hilfswerk Adventslicht in Weiden und im Artonicon in Schierling-Unterlaichling. Dmitri Schostakowitsch: Klaviertrio Nr. 2 e-moll Franz Schubert: ZKlaviertrio Nr. 2 Es-Dur &nbsp; Ein Konzert im Fr\u00fchjahr\/Sommer 2024 bei&hellip;<a href=\"https:\/\/adamar-trio.de\/?page_id=291\" class=\"button\">Weiterlesen <span class=\"screen-reader-text\">Archiv<\/span><\/a><\/p>\n","protected":false},"author":1,"featured_media":0,"parent":185,"menu_order":21,"comment_status":"closed","ping_status":"closed","template":"templates\/fullwidth-page.php","meta":{"footnotes":""},"class_list":["post-291","page","type-page","status-publish","hentry"],"_links":{"self":[{"href":"https:\/\/adamar-trio.de\/index.php?rest_route=\/wp\/v2\/pages\/291","targetHints":{"allow":["GET"]}}],"collection":[{"href":"https:\/\/adamar-trio.de\/index.php?rest_route=\/wp\/v2\/pages"}],"about":[{"href":"https:\/\/adamar-trio.de\/index.php?rest_route=\/wp\/v2\/types\/page"}],"author":[{"embeddable":true,"href":"https:\/\/adamar-trio.de\/index.php?rest_route=\/wp\/v2\/users\/1"}],"replies":[{"embeddable":true,"href":"https:\/\/adamar-trio.de\/index.php?rest_route=%2Fwp%2Fv2%2Fcomments&post=291"}],"version-history":[{"count":30,"href":"https:\/\/adamar-trio.de\/index.php?rest_route=\/wp\/v2\/pages\/291\/revisions"}],"predecessor-version":[{"id":727,"href":"https:\/\/adamar-trio.de\/index.php?rest_route=\/wp\/v2\/pages\/291\/revisions\/727"}],"up":[{"embeddable":true,"href":"https:\/\/adamar-trio.de\/index.php?rest_route=\/wp\/v2\/pages\/185"}],"wp:attachment":[{"href":"https:\/\/adamar-trio.de\/index.php?rest_route=%2Fwp%2Fv2%2Fmedia&parent=291"}],"curies":[{"name":"wp","href":"https:\/\/api.w.org\/{rel}","templated":true}]}}