{"id":19,"date":"2017-03-27T09:24:24","date_gmt":"2017-03-27T07:24:24","guid":{"rendered":"http:\/\/adamar-trio.de\/?page_id=19"},"modified":"2021-06-25T10:17:20","modified_gmt":"2021-06-25T08:17:20","slug":"ueber-uns","status":"publish","type":"page","link":"https:\/\/adamar-trio.de\/?page_id=19","title":{"rendered":"\u00dcber uns"},"content":{"rendered":"<table style=\"height: 1144px;\" width=\"914\">\n<tbody>\n<tr>\n<td style=\"vertical-align: top;\"><img loading=\"lazy\" decoding=\"async\" class=\"alignnone size-full wp-image-479\" src=\"http:\/\/adamar-trio.de\/wp-content\/uploads\/2020\/08\/Michael.jpg\" alt=\"\" width=\"3840\" height=\"2724\" srcset=\"https:\/\/adamar-trio.de\/wp-content\/uploads\/2020\/08\/Michael.jpg 3840w, https:\/\/adamar-trio.de\/wp-content\/uploads\/2020\/08\/Michael-300x213.jpg 300w, https:\/\/adamar-trio.de\/wp-content\/uploads\/2020\/08\/Michael-768x545.jpg 768w, https:\/\/adamar-trio.de\/wp-content\/uploads\/2020\/08\/Michael-1024x726.jpg 1024w, https:\/\/adamar-trio.de\/wp-content\/uploads\/2020\/08\/Michael-1216x863.jpg 1216w, https:\/\/adamar-trio.de\/wp-content\/uploads\/2020\/08\/Michael-352x250.jpg 352w\" sizes=\"auto, (max-width: 3840px) 100vw, 3840px\" \/><\/td>\n<td style=\"vertical-align: top;\"><strong>Michael Sachs<\/strong> studierte Klavier am W\u00fcrzburger Konservatorium und der Musikhochschule W\u00fcrzburg. Er arbeitete als Korrepetitor mit dem W\u00fcrzburger Bachchor und der Bayerischen Kammeroper Veitsh\u00f6chheim zusammen.<\/p>\n<p>Seit 2006 ist er als Pianist und Korrepetitor an der Taschenoper in Puchheim t\u00e4tig, seit 2017 als Pianist in der Bigband des \u00c4rztenetzwerks GOIN in Ingolstadt. Daneben absolvierte er ein Jazz-Studium am Freien Musikzentrum M\u00fcnchen. Mit dem Schlagerduo &#8222;Die Musik des Scheiterns&#8220; ist er auch in der Unterhaltungsbranche erfolgreich unterwegs.<\/p>\n<p>Seit November 2019 ist er Pianist des Adamar-Trios<\/td>\n<\/tr>\n<tr>\n<td style=\"vertical-align: top;\"><img loading=\"lazy\" decoding=\"async\" class=\"alignnone size-full wp-image-481\" src=\"http:\/\/adamar-trio.de\/wp-content\/uploads\/2020\/08\/Hedwig.jpg\" alt=\"\" width=\"2304\" height=\"2748\" srcset=\"https:\/\/adamar-trio.de\/wp-content\/uploads\/2020\/08\/Hedwig.jpg 2304w, https:\/\/adamar-trio.de\/wp-content\/uploads\/2020\/08\/Hedwig-252x300.jpg 252w, https:\/\/adamar-trio.de\/wp-content\/uploads\/2020\/08\/Hedwig-768x916.jpg 768w, https:\/\/adamar-trio.de\/wp-content\/uploads\/2020\/08\/Hedwig-859x1024.jpg 859w, https:\/\/adamar-trio.de\/wp-content\/uploads\/2020\/08\/Hedwig-1024x1221.jpg 1024w, https:\/\/adamar-trio.de\/wp-content\/uploads\/2020\/08\/Hedwig-1216x1450.jpg 1216w, https:\/\/adamar-trio.de\/wp-content\/uploads\/2020\/08\/Hedwig-210x250.jpg 210w\" sizes=\"auto, (max-width: 2304px) 100vw, 2304px\" \/><\/td>\n<td style=\"vertical-align: top;\"><strong>Hedwig Maria Pohl <\/strong>erhielt ihren Violinunterricht unter anderem an der Jugendmusikschule in Trossingen bei Rudolf Rampf, bei dem sie sp\u00e4ter auch studierte.<\/p>\n<p>Erste Orchester-Erfahrungen sammelte sie im Kammerorchester und im Sinfonieorchester der Jugendmusikschule Trossingen. Sie spielte im Landesjugendorchester BW und im Jungen Kammerensemble BW. Ebenso besuchte sie mehrere Kammermusik- und Meisterkurse bei Thorsten Janicke, Prof. Wolfgang Marschner, Prof. Gerhard Hamann u.a.<\/p>\n<p>Sie spielt in unterschiedlichen Orchestern und Kammermusik-Ensembles.<\/td>\n<\/tr>\n<tr>\n<td style=\"vertical-align: top;\"><img loading=\"lazy\" decoding=\"async\" class=\"alignnone size-full wp-image-482\" src=\"http:\/\/adamar-trio.de\/wp-content\/uploads\/2020\/08\/Martin.jpg\" alt=\"\" width=\"3396\" height=\"4236\" srcset=\"https:\/\/adamar-trio.de\/wp-content\/uploads\/2020\/08\/Martin.jpg 3396w, https:\/\/adamar-trio.de\/wp-content\/uploads\/2020\/08\/Martin-241x300.jpg 241w, https:\/\/adamar-trio.de\/wp-content\/uploads\/2020\/08\/Martin-768x958.jpg 768w, https:\/\/adamar-trio.de\/wp-content\/uploads\/2020\/08\/Martin-821x1024.jpg 821w, https:\/\/adamar-trio.de\/wp-content\/uploads\/2020\/08\/Martin-1024x1277.jpg 1024w, https:\/\/adamar-trio.de\/wp-content\/uploads\/2020\/08\/Martin-1216x1517.jpg 1216w, https:\/\/adamar-trio.de\/wp-content\/uploads\/2020\/08\/Martin-200x250.jpg 200w\" sizes=\"auto, (max-width: 3396px) 100vw, 3396px\" \/><\/td>\n<td style=\"vertical-align: top;\"><strong>Martin Pohl<\/strong> war Sch\u00fcler von Karlheinz Busch (Bamberg), Janos T\u00f6r\u00f6k\u00a0 (W\u00fcrzburg), Christian Brunnert (Bonn) und Stephan Haack (M\u00fcnchen).<\/p>\n<p>Martin Pohl besuchte Kammermusikkurse bei Gunter Ribke, Prof. Claus Kanngiesser und dem Alban Berg Trio. Er war Gaststudent in der Kammermusikklasse von Prof. Julius Berger an der Musikhochschule W\u00fcrzburg.<\/p>\n<p>Er musiziert in unterschiedlichen Kammermusikbesetzungen und wirkt in verschiedenen Sinfonie- und Kammerorchestern unter anderem auch als Stimmf\u00fchrer und Solocellist mit.<\/td>\n<\/tr>\n<tr>\n<td colspan=\"2\">Das <strong>Adamar-Trio<\/strong>, das 2012 von Hedwig und Martin Pohl gegr\u00fcndet wurde, widmet sich nicht nur der Musik des 18. und 19. Jahrhunderts, sondern arbeitet auch immer wieder mit zeitgen\u00f6ssischen Komponisten zusammen. Das Trio engagiert sich regelm\u00e4\u00dfig f\u00fcr soziale Projekte<\/td>\n<\/tr>\n<\/tbody>\n<\/table>\n<p>&nbsp;<\/p>\n","protected":false},"excerpt":{"rendered":"<p>Michael Sachs studierte Klavier am W\u00fcrzburger Konservatorium und der Musikhochschule W\u00fcrzburg. Er arbeitete als Korrepetitor mit dem W\u00fcrzburger Bachchor und der Bayerischen Kammeroper Veitsh\u00f6chheim zusammen. Seit 2006 ist er als Pianist und Korrepetitor an der Taschenoper in Puchheim t\u00e4tig, seit 2017 als Pianist in der Bigband des \u00c4rztenetzwerks GOIN in Ingolstadt. Daneben absolvierte er ein&hellip;<a href=\"https:\/\/adamar-trio.de\/?page_id=19\" class=\"button\">Weiterlesen <span class=\"screen-reader-text\">\u00dcber uns<\/span><\/a><\/p>\n","protected":false},"author":1,"featured_media":0,"parent":0,"menu_order":30,"comment_status":"closed","ping_status":"closed","template":"templates\/fullwidth-page.php","meta":{"footnotes":""},"class_list":["post-19","page","type-page","status-publish","hentry"],"_links":{"self":[{"href":"https:\/\/adamar-trio.de\/index.php?rest_route=\/wp\/v2\/pages\/19","targetHints":{"allow":["GET"]}}],"collection":[{"href":"https:\/\/adamar-trio.de\/index.php?rest_route=\/wp\/v2\/pages"}],"about":[{"href":"https:\/\/adamar-trio.de\/index.php?rest_route=\/wp\/v2\/types\/page"}],"author":[{"embeddable":true,"href":"https:\/\/adamar-trio.de\/index.php?rest_route=\/wp\/v2\/users\/1"}],"replies":[{"embeddable":true,"href":"https:\/\/adamar-trio.de\/index.php?rest_route=%2Fwp%2Fv2%2Fcomments&post=19"}],"version-history":[{"count":22,"href":"https:\/\/adamar-trio.de\/index.php?rest_route=\/wp\/v2\/pages\/19\/revisions"}],"predecessor-version":[{"id":573,"href":"https:\/\/adamar-trio.de\/index.php?rest_route=\/wp\/v2\/pages\/19\/revisions\/573"}],"wp:attachment":[{"href":"https:\/\/adamar-trio.de\/index.php?rest_route=%2Fwp%2Fv2%2Fmedia&parent=19"}],"curies":[{"name":"wp","href":"https:\/\/api.w.org\/{rel}","templated":true}]}}